
{"id":200,"date":"2018-12-23T12:11:28","date_gmt":"2018-12-23T11:11:28","guid":{"rendered":"http:\/\/www.mbaplan.fr\/museum\/?page_id=200"},"modified":"2024-01-03T16:25:01","modified_gmt":"2024-01-03T15:25:01","slug":"contact-fr","status":"publish","type":"page","link":"https:\/\/www.mbaplan.fr\/museum\/contact-fr\/","title":{"rendered":"Informations"},"content":{"rendered":"<style>.kb-row-layout-id200_f7f0b7-74 > .kt-row-column-wrap{align-content:start;}:where(.kb-row-layout-id200_f7f0b7-74 > .kt-row-column-wrap) > .wp-block-kadence-column{justify-content:start;}.kb-row-layout-id200_f7f0b7-74 > .kt-row-column-wrap{column-gap:var(--global-kb-gap-md, 2rem);row-gap:var(--global-kb-gap-md, 2rem);padding-top:var(--global-kb-spacing-sm, 1.5rem);padding-right:var(--global-kb-spacing-sm, 1.5rem);padding-bottom:var(--global-kb-spacing-sm, 1.5rem);padding-left:var(--global-kb-spacing-sm, 1.5rem);grid-template-columns:repeat(2, minmax(0, 1fr));}.kb-row-layout-id200_f7f0b7-74 > .kt-row-layout-overlay{opacity:0.30;}@media all and (max-width: 1024px){.kb-row-layout-id200_f7f0b7-74 > .kt-row-column-wrap{grid-template-columns:repeat(2, minmax(0, 1fr));}}@media all and (max-width: 767px){.kb-row-layout-id200_f7f0b7-74 > .kt-row-column-wrap{grid-template-columns:minmax(0, 1fr);}}<\/style><div class=\"kb-row-layout-wrap kb-row-layout-id200_f7f0b7-74 alignnone wp-block-kadence-rowlayout\"><div class=\"kt-row-column-wrap kt-has-2-columns kt-row-layout-equal kt-tab-layout-inherit kt-mobile-layout-row kt-row-valign-top\">\n<style>.kadence-column200_85eae8-62 > .kt-inside-inner-col,.kadence-column200_85eae8-62 > .kt-inside-inner-col:before{border-top-left-radius:0px;border-top-right-radius:0px;border-bottom-right-radius:0px;border-bottom-left-radius:0px;}.kadence-column200_85eae8-62 > .kt-inside-inner-col:before{opacity:0.3;}.kadence-column200_85eae8-62{position:relative;}<\/style>\n<div class=\"wp-block-kadence-column kadence-column200_85eae8-62\"><div class=\"kt-inside-inner-col\"><style>.wp-block-kadence-advancedheading.kt-adv-heading200_99c4d9-47, .wp-block-kadence-advancedheading.kt-adv-heading200_99c4d9-47[data-kb-block=\"kb-adv-heading200_99c4d9-47\"]{font-weight:400;font-style:normal;}.wp-block-kadence-advancedheading.kt-adv-heading200_99c4d9-47 mark, .wp-block-kadence-advancedheading.kt-adv-heading200_99c4d9-47[data-kb-block=\"kb-adv-heading200_99c4d9-47\"] mark{font-style:normal;color:#f76a0c;padding-top:0px;padding-right:0px;padding-bottom:0px;padding-left:0px;}<\/style>\n<h3 class=\"kt-adv-heading200_99c4d9-47 wp-block-kadence-advancedheading\" data-kb-block=\"kb-adv-heading200_99c4d9-47\">Mus\u00e9um des Sciences Naturelles<\/h3>\n\n\n\n<p><strong>43 Rue Jules Guitton <\/strong><br><strong>49100 Angers<\/strong><\/p>\n\n\n\n<p>T\u00e9l\u00e9phone : 0241054850<\/p>\n\n\n\n<p>Vous pouvez bous envoyer un message pour avoir de plus ample information sur les signature de notre herbier et nous vous r\u00e9pondrons dans les plus bref d\u00e9lais.<\/p>\n<\/div><\/div>\n\n\n<style>.kadence-column200_e913c4-dc > .kt-inside-inner-col,.kadence-column200_e913c4-dc > .kt-inside-inner-col:before{border-top-left-radius:0px;border-top-right-radius:0px;border-bottom-right-radius:0px;border-bottom-left-radius:0px;}.kadence-column200_e913c4-dc > .kt-inside-inner-col:before{opacity:0.3;}.kadence-column200_e913c4-dc{position:relative;}<\/style>\n<div class=\"wp-block-kadence-column kadence-column200_e913c4-dc\"><div class=\"kt-inside-inner-col\">\n<div class=\"wpcf7 no-js\" id=\"wpcf7-f2763-o1\" lang=\"fr-FR\" dir=\"ltr\">\n<div class=\"screen-reader-response\"><p role=\"status\" aria-live=\"polite\" aria-atomic=\"true\"><\/p> <ul><\/ul><\/div>\n<form action=\"\/museum\/wp-json\/wp\/v2\/pages\/200#wpcf7-f2763-o1\" method=\"post\" class=\"wpcf7-form init\" aria-label=\"Formulaire de contact\" novalidate=\"novalidate\" data-status=\"init\">\n<div style=\"display: none;\">\n<input type=\"hidden\" name=\"_wpcf7\" value=\"2763\" \/>\n<input type=\"hidden\" name=\"_wpcf7_version\" value=\"5.8.5\" \/>\n<input type=\"hidden\" name=\"_wpcf7_locale\" value=\"fr_FR\" \/>\n<input type=\"hidden\" name=\"_wpcf7_unit_tag\" value=\"wpcf7-f2763-o1\" \/>\n<input type=\"hidden\" name=\"_wpcf7_container_post\" value=\"0\" \/>\n<input type=\"hidden\" name=\"_wpcf7_posted_data_hash\" value=\"\" \/>\n<\/div>\n<p><label> Votre nom<br \/>\n<span class=\"wpcf7-form-control-wrap\" data-name=\"your-name\"><input size=\"40\" class=\"wpcf7-form-control wpcf7-text wpcf7-validates-as-required\" autocomplete=\"name\" aria-required=\"true\" aria-invalid=\"false\" value=\"\" type=\"text\" name=\"your-name\" \/><\/span> <\/label>\n<\/p>\n<p><label> Votre e-mail<br \/>\n<span class=\"wpcf7-form-control-wrap\" data-name=\"your-email\"><input size=\"40\" class=\"wpcf7-form-control wpcf7-email wpcf7-validates-as-required wpcf7-text wpcf7-validates-as-email\" autocomplete=\"email\" aria-required=\"true\" aria-invalid=\"false\" value=\"\" type=\"email\" name=\"your-email\" \/><\/span> <\/label>\n<\/p>\n<p><label> Objet<br \/>\n<span class=\"wpcf7-form-control-wrap\" data-name=\"your-subject\"><input size=\"40\" class=\"wpcf7-form-control wpcf7-text wpcf7-validates-as-required\" aria-required=\"true\" aria-invalid=\"false\" value=\"\" type=\"text\" name=\"your-subject\" \/><\/span> <\/label>\n<\/p>\n<p><label> Votre message<br \/>\n<span class=\"wpcf7-form-control-wrap\" data-name=\"your-message\"><textarea cols=\"40\" rows=\"10\" class=\"wpcf7-form-control wpcf7-textarea\" aria-invalid=\"false\" name=\"your-message\"><\/textarea><\/span> <\/label>\n<\/p>\n<p><input class=\"wpcf7-form-control wpcf7-submit has-spinner\" type=\"submit\" value=\"Envoyer\" \/>\n<\/p><div class=\"wpcf7-response-output\" aria-hidden=\"true\"><\/div>\n<\/form>\n<\/div>\n\n<\/div><\/div>\n\n<\/div><\/div>\n\n<style>.kb-row-layout-id200_83d776-eb > .kt-row-column-wrap{align-content:start;}:where(.kb-row-layout-id200_83d776-eb > .kt-row-column-wrap) > .wp-block-kadence-column{justify-content:start;}.kb-row-layout-id200_83d776-eb > .kt-row-column-wrap{column-gap:var(--global-kb-gap-md, 2rem);row-gap:var(--global-kb-gap-md, 2rem);padding-top:var(--global-kb-spacing-sm, 1.5rem);padding-bottom:var(--global-kb-spacing-sm, 1.5rem);grid-template-columns:minmax(0, 1fr);}.kb-row-layout-id200_83d776-eb{background-image:url('http:\/\/www.mbaplan.fr\/museum\/wp-content\/uploads\/2019\/01\/bandeau_1.jpg');background-size:cover;background-position:center center;background-attachment:scroll;background-repeat:no-repeat;}.kb-row-layout-id200_83d776-eb > .kt-row-layout-overlay{opacity:0.30;}.kb-row-layout-id200_83d776-eb .kt-row-layout-bottom-sep{height:100px;}.kb-row-layout-id200_83d776-eb .kt-row-layout-bottom-sep svg{width:100%;}.kb-row-layout-id200_83d776-eb .kt-row-layout-bottom-sep svg{fill:#ffffff!important;}@media all and (max-width: 1024px){.kb-row-layout-id200_83d776-eb > .kt-row-column-wrap{grid-template-columns:minmax(0, 1fr);}}@media all and (max-width: 1024px){.kb-row-layout-id200_83d776-eb .kt-row-layout-bottom-sep{height:px;}}@media all and (max-width: 1024px){.kb-row-layout-id200_83d776-eb .kt-row-layout-bottom-sep svg{width:%;}}@media all and (max-width: 767px){.kb-row-layout-id200_83d776-eb > .kt-row-column-wrap{grid-template-columns:minmax(0, 1fr);}.kb-row-layout-id200_83d776-eb .kt-row-layout-bottom-sep{height:px;}.kb-row-layout-id200_83d776-eb .kt-row-layout-bottom-sep svg{width:%;}}<\/style><div class=\"kb-row-layout-wrap kb-row-layout-id200_83d776-eb alignfull kt-row-has-bg wp-block-kadence-rowlayout\"><div class=\"kt-row-column-wrap kt-has-1-columns kt-row-layout-equal kt-tab-layout-inherit kt-mobile-layout-row kt-row-valign-top\">\n<style>.kadence-column200_ab2276-f0 > .kt-inside-inner-col,.kadence-column200_ab2276-f0 > .kt-inside-inner-col:before{border-top-left-radius:0px;border-top-right-radius:0px;border-bottom-right-radius:0px;border-bottom-left-radius:0px;}.kadence-column200_ab2276-f0 > .kt-inside-inner-col:before{opacity:0.3;}.kadence-column200_ab2276-f0{position:relative;}<\/style>\n<div class=\"wp-block-kadence-column kadence-column200_ab2276-f0 inner-column-1\"><div class=\"kt-inside-inner-col\">\n<iframe src=\"https:\/\/www.google.com\/maps\/embed?pb=!1m14!1m8!1m3!1d10787.366974993207!2d-0.54641!3d47.4735133!3m2!1i1024!2i768!4f13.1!3m3!1m2!1s0x480878eec07b2373%3A0xfdc1d27d73dd5d37!2sMus%C3%A9um%20des%20sciences%20naturelles!5e0!3m2!1sfr!2sfr!4v1702020811493!5m2!1sfr!2sfr\" width=\"100%\" height=\"450\" style=\"border:0;\" allowfullscreen=\"\" loading=\"lazy\" referrerpolicy=\"no-referrer-when-downgrade\"><\/iframe>\n<\/div><\/div>\n\n<\/div><\/div>","protected":false},"excerpt":{"rendered":"<p>Mus\u00e9um des Sciences Naturelles 43 Rue Jules Guitton 49100 Angers T\u00e9l\u00e9phone : 0241054850 Vous pouvez bous envoyer un message pour avoir de plus ample information sur les signature de notre herbier et nous vous r\u00e9pondrons dans les plus bref d\u00e9lais.<\/p>\n","protected":false},"author":3,"featured_media":0,"parent":0,"menu_order":0,"comment_status":"closed","ping_status":"closed","template":"","meta":{"neve_meta_sidebar":"full-width","neve_meta_container":"full-width","neve_meta_enable_content_width":"on","neve_meta_content_width":100,"neve_meta_title_alignment":"center","neve_meta_author_avatar":"","neve_post_elements_order":"","neve_meta_disable_header":"off","neve_meta_disable_footer":"","neve_meta_disable_title":"on","footnotes":""},"yoast_head":"<!-- This site is optimized with the Yoast SEO plugin v21.7 - https:\/\/yoast.com\/wordpress\/plugins\/seo\/ -->\n<title>Informations - Mus\u00e9um<\/title>\n<meta name=\"robots\" content=\"index, follow, max-snippet:-1, max-image-preview:large, max-video-preview:-1\" \/>\n<link rel=\"canonical\" href=\"https:\/\/www.mbaplan.fr\/museum\/contact-fr\/\" \/>\n<meta property=\"og:locale\" content=\"fr_FR\" \/>\n<meta property=\"og:type\" content=\"article\" \/>\n<meta property=\"og:title\" content=\"Informations - Mus\u00e9um\" \/>\n<meta property=\"og:description\" content=\"Mus\u00e9um des Sciences Naturelles 43 Rue Jules Guitton 49100 Angers T\u00e9l\u00e9phone : 0241054850 Vous pouvez bous envoyer un message pour avoir de plus ample information sur les signature de notre herbier et nous vous r\u00e9pondrons dans les plus bref d\u00e9lais.\" \/>\n<meta property=\"og:url\" content=\"https:\/\/www.mbaplan.fr\/museum\/contact-fr\/\" \/>\n<meta property=\"og:site_name\" content=\"Mus\u00e9um\" \/>\n<meta property=\"article:modified_time\" content=\"2024-01-03T15:25:01+00:00\" \/>\n<meta name=\"twitter:card\" content=\"summary_large_image\" \/>\n<meta name=\"twitter:label1\" content=\"Dur\u00e9e de lecture estim\u00e9e\" \/>\n\t<meta name=\"twitter:data1\" content=\"1 minute\" \/>\n<script type=\"application\/ld+json\" class=\"yoast-schema-graph\">{\"@context\":\"https:\/\/schema.org\",\"@graph\":[{\"@type\":\"WebPage\",\"@id\":\"https:\/\/www.mbaplan.fr\/museum\/contact-fr\/\",\"url\":\"https:\/\/www.mbaplan.fr\/museum\/contact-fr\/\",\"name\":\"Informations - Mus\u00e9um\",\"isPartOf\":{\"@id\":\"https:\/\/www.mbaplan.fr\/museum\/#website\"},\"datePublished\":\"2018-12-23T11:11:28+00:00\",\"dateModified\":\"2024-01-03T15:25:01+00:00\",\"breadcrumb\":{\"@id\":\"https:\/\/www.mbaplan.fr\/museum\/contact-fr\/#breadcrumb\"},\"inLanguage\":\"fr-FR\",\"potentialAction\":[{\"@type\":\"ReadAction\",\"target\":[\"https:\/\/www.mbaplan.fr\/museum\/contact-fr\/\"]}]},{\"@type\":\"BreadcrumbList\",\"@id\":\"https:\/\/www.mbaplan.fr\/museum\/contact-fr\/#breadcrumb\",\"itemListElement\":[{\"@type\":\"ListItem\",\"position\":1,\"name\":\"Accueil\",\"item\":\"https:\/\/www.mbaplan.fr\/museum\/\"},{\"@type\":\"ListItem\",\"position\":2,\"name\":\"Informations\"}]},{\"@type\":\"WebSite\",\"@id\":\"https:\/\/www.mbaplan.fr\/museum\/#website\",\"url\":\"https:\/\/www.mbaplan.fr\/museum\/\",\"name\":\"Mus\u00e9um\",\"description\":\"\",\"publisher\":{\"@id\":\"https:\/\/www.mbaplan.fr\/museum\/#organization\"},\"potentialAction\":[{\"@type\":\"SearchAction\",\"target\":{\"@type\":\"EntryPoint\",\"urlTemplate\":\"https:\/\/www.mbaplan.fr\/museum\/?s={search_term_string}\"},\"query-input\":\"required name=search_term_string\"}],\"inLanguage\":\"fr-FR\"},{\"@type\":\"Organization\",\"@id\":\"https:\/\/www.mbaplan.fr\/museum\/#organization\",\"name\":\"Au bon Accueil\",\"url\":\"https:\/\/www.mbaplan.fr\/museum\/\",\"logo\":{\"@type\":\"ImageObject\",\"inLanguage\":\"fr-FR\",\"@id\":\"https:\/\/www.mbaplan.fr\/museum\/#\/schema\/logo\/image\/\",\"url\":\"http:\/\/www.mbaplan.fr\/museum\/wp-content\/uploads\/2020\/01\/logo.jpg\",\"contentUrl\":\"http:\/\/www.mbaplan.fr\/museum\/wp-content\/uploads\/2020\/01\/logo.jpg\",\"width\":352,\"height\":44,\"caption\":\"Au bon Accueil\"},\"image\":{\"@id\":\"https:\/\/www.mbaplan.fr\/museum\/#\/schema\/logo\/image\/\"}}]}<\/script>\n<!-- \/ Yoast SEO plugin. -->","yoast_head_json":{"title":"Informations - Mus\u00e9um","robots":{"index":"index","follow":"follow","max-snippet":"max-snippet:-1","max-image-preview":"max-image-preview:large","max-video-preview":"max-video-preview:-1"},"canonical":"https:\/\/www.mbaplan.fr\/museum\/contact-fr\/","og_locale":"fr_FR","og_type":"article","og_title":"Informations - Mus\u00e9um","og_description":"Mus\u00e9um des Sciences Naturelles 43 Rue Jules Guitton 49100 Angers T\u00e9l\u00e9phone : 0241054850 Vous pouvez bous envoyer un message pour avoir de plus ample information sur les signature de notre herbier et nous vous r\u00e9pondrons dans les plus bref d\u00e9lais.","og_url":"https:\/\/www.mbaplan.fr\/museum\/contact-fr\/","og_site_name":"Mus\u00e9um","article_modified_time":"2024-01-03T15:25:01+00:00","twitter_card":"summary_large_image","twitter_misc":{"Dur\u00e9e de lecture estim\u00e9e":"1 minute"},"schema":{"@context":"https:\/\/schema.org","@graph":[{"@type":"WebPage","@id":"https:\/\/www.mbaplan.fr\/museum\/contact-fr\/","url":"https:\/\/www.mbaplan.fr\/museum\/contact-fr\/","name":"Informations - Mus\u00e9um","isPartOf":{"@id":"https:\/\/www.mbaplan.fr\/museum\/#website"},"datePublished":"2018-12-23T11:11:28+00:00","dateModified":"2024-01-03T15:25:01+00:00","breadcrumb":{"@id":"https:\/\/www.mbaplan.fr\/museum\/contact-fr\/#breadcrumb"},"inLanguage":"fr-FR","potentialAction":[{"@type":"ReadAction","target":["https:\/\/www.mbaplan.fr\/museum\/contact-fr\/"]}]},{"@type":"BreadcrumbList","@id":"https:\/\/www.mbaplan.fr\/museum\/contact-fr\/#breadcrumb","itemListElement":[{"@type":"ListItem","position":1,"name":"Accueil","item":"https:\/\/www.mbaplan.fr\/museum\/"},{"@type":"ListItem","position":2,"name":"Informations"}]},{"@type":"WebSite","@id":"https:\/\/www.mbaplan.fr\/museum\/#website","url":"https:\/\/www.mbaplan.fr\/museum\/","name":"Mus\u00e9um","description":"","publisher":{"@id":"https:\/\/www.mbaplan.fr\/museum\/#organization"},"potentialAction":[{"@type":"SearchAction","target":{"@type":"EntryPoint","urlTemplate":"https:\/\/www.mbaplan.fr\/museum\/?s={search_term_string}"},"query-input":"required name=search_term_string"}],"inLanguage":"fr-FR"},{"@type":"Organization","@id":"https:\/\/www.mbaplan.fr\/museum\/#organization","name":"Au bon Accueil","url":"https:\/\/www.mbaplan.fr\/museum\/","logo":{"@type":"ImageObject","inLanguage":"fr-FR","@id":"https:\/\/www.mbaplan.fr\/museum\/#\/schema\/logo\/image\/","url":"http:\/\/www.mbaplan.fr\/museum\/wp-content\/uploads\/2020\/01\/logo.jpg","contentUrl":"http:\/\/www.mbaplan.fr\/museum\/wp-content\/uploads\/2020\/01\/logo.jpg","width":352,"height":44,"caption":"Au bon Accueil"},"image":{"@id":"https:\/\/www.mbaplan.fr\/museum\/#\/schema\/logo\/image\/"}}]}},"_links":{"self":[{"href":"https:\/\/www.mbaplan.fr\/museum\/wp-json\/wp\/v2\/pages\/200"}],"collection":[{"href":"https:\/\/www.mbaplan.fr\/museum\/wp-json\/wp\/v2\/pages"}],"about":[{"href":"https:\/\/www.mbaplan.fr\/museum\/wp-json\/wp\/v2\/types\/page"}],"author":[{"embeddable":true,"href":"https:\/\/www.mbaplan.fr\/museum\/wp-json\/wp\/v2\/users\/3"}],"replies":[{"embeddable":true,"href":"https:\/\/www.mbaplan.fr\/museum\/wp-json\/wp\/v2\/comments?post=200"}],"version-history":[{"count":0,"href":"https:\/\/www.mbaplan.fr\/museum\/wp-json\/wp\/v2\/pages\/200\/revisions"}],"wp:attachment":[{"href":"https:\/\/www.mbaplan.fr\/museum\/wp-json\/wp\/v2\/media?parent=200"}],"curies":[{"name":"wp","href":"https:\/\/api.w.org\/{rel}","templated":true}]}}